{"id":15,"date":"2023-04-03T20:29:59","date_gmt":"2023-04-03T18:29:59","guid":{"rendered":"https:\/\/istitutobuenosaires.esteri.it\/?page_id=15"},"modified":"2025-09-17T14:16:27","modified_gmt":"2025-09-17T12:16:27","slug":"chi-siamo","status":"publish","type":"page","link":"https:\/\/iicpretoria.esteri.it\/it\/chi-siamo\/","title":{"rendered":"Chi siamo"},"content":{"rendered":"<p>Presenti nelle principali citt\u00e0 dei cinque continenti, i 90 Istituti Italiani di Cultura attualmente operativi sono un ideale luogo di incontro e di dialogo per intellettuali, artisti ed altri operatori culturali, ma anche per i semplici cittadini, sia italiani che stranieri, che vogliano instaurare o mantenere un rapporto con il nostro Paese.<\/p>\n<p>Non soltanto come vetrina dell&#8217;Italia e fonte di informazioni aggiornate sul &#8220;Sistema Paese&#8221;, ma anche come centro propulsore di iniziative ed attivit\u00e0 di cooperazione culturale, l&#8217;Istituto Italiano di Cultura diventa punto di riferimento essenziale per le collettivit\u00e0 italiane all&#8217;estero e per la crescente domanda di cultura italiana che si registra in tutto il mondo.<\/p>\n<p>Di supporto all&#8217;attivit\u00e0 gi\u00e0 svolta dalle Ambasciate e dai Consolati, gli Istituti Italiani di Cultura individuano gli strumenti pi\u00f9 idonei per promuovere l&#8217;immagine dell&#8217;Italia quale centro di produzione, conservazione e diffusione culturale dall&#8217;epoca classica sino ai nostri giorni. Oltre all&#8217;organizzazione di eventi culturali in diversi settori (arte, musica, cinema, teatro, danza, moda, design, fotografia), gli Istituti Italiani di Cultura:<\/p>\n<p>offrono l&#8217;opportunit\u00e0, a coloro che lo desiderano, di conoscere la lingua e la cultura italiana, attraverso l&#8217;organizzazione di corsi, la gestione di biblioteche e l&#8217;offerta di materiale didattico ed editoriale;<br \/>\ncreano i contatti ed i presupposti per agevolare l&#8217;integrazione di operatori italiani nei processi di scambio e di produzione culturale a livello internazionale;<br \/>\nforniscono informazioni e supporto logistico ad operatori culturali pubblici e privati, sia italiani che stranieri;<br \/>\nsostengono iniziative che favoriscono il dialogo interculturale fondato sui principi di democrazia e solidariet\u00e0.<\/p>\n","protected":false},"excerpt":{"rendered":"Presenti nelle principali citt\u00e0 dei cinque continenti, i 90 Istituti Italiani di Cultura attualmente operativi sono un ideale luogo di incontro e di dialogo per intellettuali, artisti ed altri operatori culturali, ma anche per i semplici cittadini, sia italiani che stranieri, che vogliano instaurare o mantenere un rapporto con il nostro Paese. Non soltanto come [&hellip;]","protected":false},"author":1,"featured_media":0,"parent":0,"menu_order":2,"comment_status":"closed","ping_status":"closed","template":"","meta":{"footnotes":""},"class_list":["post-15","page","type-page","status-publish","hentry"],"_links":{"self":[{"href":"https:\/\/iicpretoria.esteri.it\/it\/wp-json\/wp\/v2\/pages\/15","targetHints":{"allow":["GET"]}}],"collection":[{"href":"https:\/\/iicpretoria.esteri.it\/it\/wp-json\/wp\/v2\/pages"}],"about":[{"href":"https:\/\/iicpretoria.esteri.it\/it\/wp-json\/wp\/v2\/types\/page"}],"author":[{"embeddable":true,"href":"https:\/\/iicpretoria.esteri.it\/it\/wp-json\/wp\/v2\/users\/1"}],"replies":[{"embeddable":true,"href":"https:\/\/iicpretoria.esteri.it\/it\/wp-json\/wp\/v2\/comments?post=15"}],"version-history":[{"count":4,"href":"https:\/\/iicpretoria.esteri.it\/it\/wp-json\/wp\/v2\/pages\/15\/revisions"}],"predecessor-version":[{"id":7017,"href":"https:\/\/iicpretoria.esteri.it\/it\/wp-json\/wp\/v2\/pages\/15\/revisions\/7017"}],"wp:attachment":[{"href":"https:\/\/iicpretoria.esteri.it\/it\/wp-json\/wp\/v2\/media?parent=15"}],"curies":[{"name":"wp","href":"https:\/\/api.w.org\/{rel}","templated":true}]}}