{"id":16,"date":"2023-04-03T20:30:34","date_gmt":"2023-04-03T18:30:34","guid":{"rendered":"https:\/\/istitutobuenosaires.esteri.it\/?page_id=16"},"modified":"2024-08-29T16:04:07","modified_gmt":"2024-08-29T14:04:07","slug":"lingua-e-cultura","status":"publish","type":"page","link":"https:\/\/iicpretoria.esteri.it\/it\/lingua-e-cultura\/","title":{"rendered":"Lingua e Cultura"},"content":{"rendered":"<p><strong>Lingua e cultura<\/strong><\/p>\n<p><strong>Imparare l&#8217;italiano<\/strong><\/p>\n<p>L&#8217;italiano \u00e8 riconosciuto tradizionalmente come la lingua dell&#8217;arte e della musica, ma \u00e8 anche la lingua del buon cibo, delle macchine sportive e del design raffinato e innovativo, la lingua della moda, delle tendenze e degli affari.<\/p>\n<p>All&#8217;Istituto Italiano di Cultura di Pretoria, abbiamo l\u2019onore di offrire al pubblico sudafricano l&#8217;opportunit\u00e0 di scoprire questa lingua un po&#8217; pi\u00f9 da vicino!<\/p>\n<p><strong>Viaggi d&#8217;affari e comunicazioni<\/strong><\/p>\n<p>L&#8217;Italia ha il 9\u00b0 PIL pi\u00f9 alto del mondo e parlare in italiano aumenta le possibilit\u00e0 di fare affari, di viaggiare ed \u00e8 utile per migliorare la comunicazione con partner e gli sponsor in Italia.<\/p>\n<p><strong>Una prospettiva in pi\u00f9 su arte e cultura<\/strong><\/p>\n<p>Siamo tutti affascinati dalla ricchezza del patrimonio artistico e culturale italiano. Dalla letteratura al cinema, chi impara l\u2019italiano potr\u00e0 fruirne in lingua originale, come un italiano vero.<\/p>\n<p><strong>La famiglia<\/strong><\/p>\n<p>Se avete famiglia in Italia, o siete discendenti di italiani, imparare l&#8217;italiano vi aiuter\u00e0 ad avvicinarvi alla vostre radici.<\/p>\n<p><strong>Studiare e informarsi<\/strong><\/p>\n<p>Imparare un&#8217;altra lingua serve ad ampliare la propria portata culturale, i canali di informazione e le interazioni sociali, arricchendo cos\u00ec il proprio portfolio di competenze essenziali nel nuovo villaggio globale.<\/p>\n<p><strong>Aumentare le proprie opportunit\u00e0 lavorative<\/strong><\/p>\n<p>Le aziende italiane apprezzano molto i dipendenti che sappiano parlare italiano, oltre all\u2019inglese. Allo stesso modo, le aziende sudafricane interessate al mercato italiano sono spesso alla ricerca di professionisti con un buon livello di lingua.<\/p>\n<p><strong>Comunicare con pi\u00f9 persone<\/strong><\/p>\n<p>Oltre 77.000 persone parlano e studiano italiano in Sudafrica. Sono innumerevoli gli eventi sociali e culturali organizzati in Sudafrica dalle istituzioni italiane. Parlare italiano non solo \u00e8 utile, ma render\u00e0 ancora pi\u00f9 piacevole la partecipazione a tutte le manifestazioni.<\/p>\n<p><strong>SCEGLIERE NOI<\/strong><\/p>\n<p><strong>Perch\u00e9 studiare l\u2019italiano con noi?<\/strong><\/p>\n<p>L&#8217;Istituto Italiano di Cultura (IIC) \u00e8 un organo ministeriale ed \u00e8 l\u2019Istituzione ufficiale per la diffusione della lingua e della cultura italiana in Sud Africa.<\/p>\n<p><strong>Centinaia di studenti<\/strong><\/p>\n<p>Con centinaia di studenti soddisfatti che hanno completato i nostri corsi negli ultimi anni, ci occupiamo di qualsiasi esigenza, professionale o personale che sia.<\/p>\n<p><strong>\u00a0<\/strong><\/p>\n<p><strong>Siamo qui, in Sudafrica<\/strong><\/p>\n<p>Abbiamo sede a Pretoria e i nostri corsi sino impostati specificamente per chi sceglie di apprendere una lingua europea in Africa. In particolare i nostri corsi si rivolgono agli studenti in provenienti da: Sud Africa, Lesotho, Mauritius, Madagascar, Namibia.<\/p>\n<p><strong>B1 Cittadinanza<\/strong><\/p>\n<p>Siamo una sede d&#8217;esame per il CILS B1 per la cittadinanza (rilasciato dall&#8217;Universit\u00e0 per Stranieri di Siena, Italia), uno degli esami ufficiali di lingua italiana obbligatori per acquisire la cittadinanza italiana tramite matrimonio.<\/p>\n<p><strong>I docenti<\/strong><\/p>\n<p>L&#8217;Istituto si avvale della collaborazione di insegnanti madrelingua italiani, che con competenza e dedizione, insegnano, oltre alla lingua, anche la cultura del Bel Paese.<\/p>\n","protected":false},"excerpt":{"rendered":"Lingua e cultura Imparare l&#8217;italiano L&#8217;italiano \u00e8 riconosciuto tradizionalmente come la lingua dell&#8217;arte e della musica, ma \u00e8 anche la lingua del buon cibo, delle macchine sportive e del design raffinato e innovativo, la lingua della moda, delle tendenze e degli affari. All&#8217;Istituto Italiano di Cultura di Pretoria, abbiamo l\u2019onore di offrire al pubblico sudafricano [&hellip;]","protected":false},"author":1,"featured_media":0,"parent":0,"menu_order":4,"comment_status":"closed","ping_status":"closed","template":"","meta":{"footnotes":""},"class_list":["post-16","page","type-page","status-publish","hentry"],"_links":{"self":[{"href":"https:\/\/iicpretoria.esteri.it\/it\/wp-json\/wp\/v2\/pages\/16","targetHints":{"allow":["GET"]}}],"collection":[{"href":"https:\/\/iicpretoria.esteri.it\/it\/wp-json\/wp\/v2\/pages"}],"about":[{"href":"https:\/\/iicpretoria.esteri.it\/it\/wp-json\/wp\/v2\/types\/page"}],"author":[{"embeddable":true,"href":"https:\/\/iicpretoria.esteri.it\/it\/wp-json\/wp\/v2\/users\/1"}],"replies":[{"embeddable":true,"href":"https:\/\/iicpretoria.esteri.it\/it\/wp-json\/wp\/v2\/comments?post=16"}],"version-history":[{"count":3,"href":"https:\/\/iicpretoria.esteri.it\/it\/wp-json\/wp\/v2\/pages\/16\/revisions"}],"predecessor-version":[{"id":5608,"href":"https:\/\/iicpretoria.esteri.it\/it\/wp-json\/wp\/v2\/pages\/16\/revisions\/5608"}],"wp:attachment":[{"href":"https:\/\/iicpretoria.esteri.it\/it\/wp-json\/wp\/v2\/media?parent=16"}],"curies":[{"name":"wp","href":"https:\/\/api.w.org\/{rel}","templated":true}]}}