{"id":7364,"date":"2025-12-02T09:26:04","date_gmt":"2025-12-02T07:26:04","guid":{"rendered":"https:\/\/iicpretoria.esteri.it\/?page_id=7364"},"modified":"2026-01-29T12:09:36","modified_gmt":"2026-01-29T10:09:36","slug":"universita-telematiche","status":"publish","type":"page","link":"https:\/\/iicpretoria.esteri.it\/it\/lingua-e-cultura\/studiare-in-italia\/universita-telematiche\/","title":{"rendered":"Universita\u2019 telematiche"},"content":{"rendered":"<p><strong>Universit\u00e0 Telematica Internazionale UNINETTUNO <\/strong><\/p>\n<p>L\u2019Istituto Italiano di Cultura di Pretoria \u00e8 sede d\u2019esame per l\u2019Universit\u00e0 Telematica Internazionale UNINETTUNO. UNINETTUNO \u00e8 un\u2019universit\u00e0 privata con sede a Roma che offre istruzione superiore completamente online \u2013 lauree, master e dottorati riconosciuti in Italia e in diversi paesi. Grazie a una piattaforma multimediale e multilingue permette di studiare ovunque e in qualsiasi momento, superando i vincoli geografici. \u00c8 riconosciuta dal MIUR e da numerosi organismi internazionali. Per ulteriori informazioni \u00e8 possibile consultare il sito: <a href=\"https:\/\/www.uninettunouniversity.net\">https:\/\/www.uninettunouniversity.net<\/a><\/p>\n<p>&nbsp;<\/p>\n<p><strong>Unitelma Sapienza <\/strong><\/p>\n<p>L\u2019Istituto \u00e8 sede d\u2019esame per l\u2019Universit\u00e0 Telematica Unitelma Sapienza. Unitelma Sapienza \u00e8 un\u2019universit\u00e0 telematica italiana, accreditata dal MIUR e direttamente collegata all\u2019Universit\u00e0 degli Studi di Roma La Sapienza, la pi\u00f9 grande universit\u00e0 pubblica italiana. Offre corsi di laurea triennali e magistrali, master e percorsi di formazione continua in diversi ambiti disciplinari. La didattica si svolge interamente online tramite una piattaforma multimediale con videolezioni, materiali interattivi e tutoraggio, consentendo agli studenti di organizzare lo studio in maniera flessibile.<\/p>\n<p>Per ulteriori informazioni \u00e8 possibile consultare il sito: <a href=\"https:\/\/www.unitelmasapienza.it\">https:\/\/www.unitelmasapienza.it<\/a><\/p>\n","protected":false},"excerpt":{"rendered":"Universit\u00e0 Telematica Internazionale UNINETTUNO L\u2019Istituto Italiano di Cultura di Pretoria \u00e8 sede d\u2019esame per l\u2019Universit\u00e0 Telematica Internazionale UNINETTUNO. UNINETTUNO \u00e8 un\u2019universit\u00e0 privata con sede a Roma che offre istruzione superiore completamente online \u2013 lauree, master e dottorati riconosciuti in Italia e in diversi paesi. Grazie a una piattaforma multimediale e multilingue permette di studiare ovunque [&hellip;]","protected":false},"author":4,"featured_media":0,"parent":45,"menu_order":2,"comment_status":"closed","ping_status":"closed","template":"","meta":{"footnotes":""},"class_list":["post-7364","page","type-page","status-publish","hentry"],"_links":{"self":[{"href":"https:\/\/iicpretoria.esteri.it\/it\/wp-json\/wp\/v2\/pages\/7364","targetHints":{"allow":["GET"]}}],"collection":[{"href":"https:\/\/iicpretoria.esteri.it\/it\/wp-json\/wp\/v2\/pages"}],"about":[{"href":"https:\/\/iicpretoria.esteri.it\/it\/wp-json\/wp\/v2\/types\/page"}],"author":[{"embeddable":true,"href":"https:\/\/iicpretoria.esteri.it\/it\/wp-json\/wp\/v2\/users\/4"}],"replies":[{"embeddable":true,"href":"https:\/\/iicpretoria.esteri.it\/it\/wp-json\/wp\/v2\/comments?post=7364"}],"version-history":[{"count":1,"href":"https:\/\/iicpretoria.esteri.it\/it\/wp-json\/wp\/v2\/pages\/7364\/revisions"}],"predecessor-version":[{"id":7365,"href":"https:\/\/iicpretoria.esteri.it\/it\/wp-json\/wp\/v2\/pages\/7364\/revisions\/7365"}],"up":[{"embeddable":true,"href":"https:\/\/iicpretoria.esteri.it\/it\/wp-json\/wp\/v2\/pages\/45"}],"wp:attachment":[{"href":"https:\/\/iicpretoria.esteri.it\/it\/wp-json\/wp\/v2\/media?parent=7364"}],"curies":[{"name":"wp","href":"https:\/\/api.w.org\/{rel}","templated":true}]}}