{"id":7549,"date":"2026-01-29T12:08:30","date_gmt":"2026-01-29T10:08:30","guid":{"rendered":"https:\/\/iicpretoria.esteri.it\/?page_id=7549"},"modified":"2026-01-29T12:22:59","modified_gmt":"2026-01-29T10:22:59","slug":"corsi-di-laurea-in-italia","status":"publish","type":"page","link":"https:\/\/iicpretoria.esteri.it\/it\/lingua-e-cultura\/studiare-in-italia\/corsi-di-laurea-in-italia\/","title":{"rendered":"Corsi di Laurea in Italia"},"content":{"rendered":"<p>\u00c8 possibile consultare <strong>Universitaly<\/strong> (<a href=\"https:\/\/www.universitaly.it\/\">https:\/\/www.universitaly.it\/<\/a>) per accedere a tutte le informazioni necessarie a individuare il corso universitario di proprio interesse, verificare i requisiti e le modalit\u00e0 di ammissione alle diverse facolt\u00e0, scoprire le opportunit\u00e0 di agevolazioni e borse di studio, nonch\u00e9 controllare le formalit\u00e0 e gli adempimenti richiesti per l\u2019ingresso e il soggiorno in Italia.<\/p>\n<p>&nbsp;<\/p>\n<h2><strong>Corsi di Laurea in Evidenza <\/strong><\/h2>\n<ul>\n<li>Corso di laurea triennale in Global Governance dell\u2019Universit\u00e0 degli Studi di Roma \u201cTor Vergata\u201d.<\/li>\n<\/ul>\n<p>129 posti disponibili per cittadini dell\u2019Unione Europea e per cittadini non UE.<\/p>\n<p><a href=\"https:\/\/economia.uniroma2.it\/ba\/globalgovernance\/apply-now\/\">https:\/\/economia.uniroma2.it\/ba\/globalgovernance\/apply-now\/<\/a><\/p>\n","protected":false},"excerpt":{"rendered":"\u00c8 possibile consultare Universitaly (https:\/\/www.universitaly.it\/) per accedere a tutte le informazioni necessarie a individuare il corso universitario di proprio interesse, verificare i requisiti e le modalit\u00e0 di ammissione alle diverse facolt\u00e0, scoprire le opportunit\u00e0 di agevolazioni e borse di studio, nonch\u00e9 controllare le formalit\u00e0 e gli adempimenti richiesti per l\u2019ingresso e il soggiorno in Italia. [&hellip;]","protected":false},"author":4,"featured_media":0,"parent":45,"menu_order":1,"comment_status":"closed","ping_status":"closed","template":"","meta":{"footnotes":""},"class_list":["post-7549","page","type-page","status-publish","hentry"],"_links":{"self":[{"href":"https:\/\/iicpretoria.esteri.it\/it\/wp-json\/wp\/v2\/pages\/7549","targetHints":{"allow":["GET"]}}],"collection":[{"href":"https:\/\/iicpretoria.esteri.it\/it\/wp-json\/wp\/v2\/pages"}],"about":[{"href":"https:\/\/iicpretoria.esteri.it\/it\/wp-json\/wp\/v2\/types\/page"}],"author":[{"embeddable":true,"href":"https:\/\/iicpretoria.esteri.it\/it\/wp-json\/wp\/v2\/users\/4"}],"replies":[{"embeddable":true,"href":"https:\/\/iicpretoria.esteri.it\/it\/wp-json\/wp\/v2\/comments?post=7549"}],"version-history":[{"count":3,"href":"https:\/\/iicpretoria.esteri.it\/it\/wp-json\/wp\/v2\/pages\/7549\/revisions"}],"predecessor-version":[{"id":7561,"href":"https:\/\/iicpretoria.esteri.it\/it\/wp-json\/wp\/v2\/pages\/7549\/revisions\/7561"}],"up":[{"embeddable":true,"href":"https:\/\/iicpretoria.esteri.it\/it\/wp-json\/wp\/v2\/pages\/45"}],"wp:attachment":[{"href":"https:\/\/iicpretoria.esteri.it\/it\/wp-json\/wp\/v2\/media?parent=7549"}],"curies":[{"name":"wp","href":"https:\/\/api.w.org\/{rel}","templated":true}]}}